{"id":125,"date":"2015-02-27T17:56:02","date_gmt":"2015-02-28T01:56:02","guid":{"rendered":"https:\/\/tcgh.de\/?page_id=125"},"modified":"2026-03-09T20:05:20","modified_gmt":"2026-03-09T19:05:20","slug":"kontakt","status":"publish","type":"page","link":"https:\/\/tcgh.de\/?page_id=125","title":{"rendered":"Kontakt"},"content":{"rendered":"<p>Das Tambour-Corps Germania Hersel 1951 e.V. ist als gemeinn\u00fctziger Verein und jugendf\u00f6rdernd anerkannt.<\/p>\n<h3>Tambour-Corps<\/h3>\n<p>1. Vorsitzende: Margit G\u00fcnther<br \/>\nTambour &#8211; Corps Germania Hersel e.V.<\/p>\n<p>Postfach 2243<br \/>\n53320 Bornheim oder<\/p>\n<p>Rheindorfer Str. 50<br \/>\n53332 Bornheim<\/p>\n<p>Tel. 02222 \/ 81869<br \/>\nE-Mail: <!--CTX!--><span rel=\"82311330c4312631a9313231aa311a315f311531b2311931c7313a31a3312a31c8310c30b4311f31a1312b3180312e319731\" class=\"cryptex \" style=\"\"><span class=\"CryptexImg ctx5cDtLNVuA-Zo3FfJdJP1DdB48nnycMuEXR595NtkMQw\"><\/span><span class=\"divider\" style=\"\">@<\/span><span class=\"CryptexImg ctxARzku5QdqtGayvUtxStt42KQwnxR7xwf9PGo7ww_Pc0\"><\/span><\/span><!--\/CTX!--><\/p>\n<h3>Germania Funken<\/h3>\n<p>Trainerin: Alexandra Gauf<br \/>\nE-Mail: <!--CTX!--><span rel=\"82311330bd313a31a5313631a631143171312231a0311b31c1310c309f312a31\" class=\"cryptex \" style=\"\"><span class=\"CryptexImg ctxRDjzdU77BIg1Oz7AnYzVIoT_fgsMxiemIPiWnm6qsC8\"><\/span><span class=\"divider\" style=\"\">@<\/span><span class=\"CryptexImg ctxARzku5QdqtGayvUtxStt42KQwnxR7xwf9PGo7ww_Pc0\"><\/span><\/span><!--\/CTX!--><\/p>\n<h3>Webmaster<\/h3>\n<p>Ulrich Zerlett<br \/>\nE-Mail: <!--CTX!--><span rel=\"82311330ce312a3199313831a2311931a5311331af310c30cd312931a2312d3184311831a531\" class=\"cryptex \" style=\"\"><span class=\"CryptexImg ctxR_rF_oTlwT3k9Ie6UDJ7vkpS6xfkpFd9-87AGDW9ivo\"><\/span><span class=\"divider\" style=\"\">@<\/span><span class=\"CryptexImg ctxARzku5QdqtGayvUtxStt42KQwnxR7xwf9PGo7ww_Pc0\"><\/span><\/span><!--\/CTX!--><\/p>\n<h1>Mitgliedsantrag<\/h1>\n<p>Online:\u00a0<a href=\"https:\/\/tcgh.de\/mitgliedsantrag\">https:\/\/tcgh.de\/mitgliedsantrag<\/a><\/p>\n<p>&nbsp;<\/p>\n","protected":false},"excerpt":{"rendered":"<p>Das Tambour-Corps Germania Hersel 1951 e.V. ist als gemeinn\u00fctziger Verein und jugendf\u00f6rdernd anerkannt. Tambour-Corps 1. Vorsitzende: Margit G\u00fcnther Tambour &#8211; Corps Germania Hersel e.V. Postfach 2243 53320 Bornheim oder Rheindorfer Str. 50 53332 Bornheim Tel. 02222 \/ 81869 E-Mail: Germania Funken Trainerin: Alexandra Gauf E-Mail: Webmaster Ulrich Zerlett E-Mail: Mitgliedsantrag Online:\u00a0https:\/\/tcgh.de\/mitgliedsantrag &nbsp;<\/p>\n","protected":false},"author":1,"featured_media":0,"parent":0,"menu_order":5,"comment_status":"open","ping_status":"open","template":"full-width-no-comment.php","meta":{"footnotes":""},"class_list":["post-125","page","type-page","status-publish","hentry"],"jetpack_shortlink":"https:\/\/wp.me\/P9VWaN-21","jetpack_sharing_enabled":true,"_links":{"self":[{"href":"https:\/\/tcgh.de\/index.php?rest_route=\/wp\/v2\/pages\/125","targetHints":{"allow":["GET"]}}],"collection":[{"href":"https:\/\/tcgh.de\/index.php?rest_route=\/wp\/v2\/pages"}],"about":[{"href":"https:\/\/tcgh.de\/index.php?rest_route=\/wp\/v2\/types\/page"}],"author":[{"embeddable":true,"href":"https:\/\/tcgh.de\/index.php?rest_route=\/wp\/v2\/users\/1"}],"replies":[{"embeddable":true,"href":"https:\/\/tcgh.de\/index.php?rest_route=%2Fwp%2Fv2%2Fcomments&post=125"}],"version-history":[{"count":17,"href":"https:\/\/tcgh.de\/index.php?rest_route=\/wp\/v2\/pages\/125\/revisions"}],"predecessor-version":[{"id":2684,"href":"https:\/\/tcgh.de\/index.php?rest_route=\/wp\/v2\/pages\/125\/revisions\/2684"}],"wp:attachment":[{"href":"https:\/\/tcgh.de\/index.php?rest_route=%2Fwp%2Fv2%2Fmedia&parent=125"}],"curies":[{"name":"wp","href":"https:\/\/api.w.org\/{rel}","templated":true}]}}