{"id":137,"date":"2015-02-27T18:07:36","date_gmt":"2015-02-28T02:07:36","guid":{"rendered":"https:\/\/tcgh.de\/?page_id=137"},"modified":"2024-11-29T10:30:37","modified_gmt":"2024-11-29T09:30:37","slug":"trainerinnen","status":"publish","type":"page","link":"https:\/\/tcgh.de\/?page_id=137","title":{"rendered":"Trainerinnen"},"content":{"rendered":"<h2>Kleine-\/Mittlere-\/Gro\u00dfe-Garde Trainerteam<\/h2>\n<p>Alexandra Gauf, Celine Mutz, Hannah Br\u00fcnjes<\/p>\n<p>Kontakt: <!--CTX!--><span rel=\"85312c30ba312b31c0311131a33122317b312d31b6313231b6311430b2312431\" class=\"cryptex \" style=\"\"><span class=\"CryptexImg ctxRDjzdU77BIg1Oz7AnYzVIoT_fgsMxiemIPiWnm6qsC8\"><\/span><span class=\"divider\" style=\"\">@<\/span><span class=\"CryptexImg ctxARzku5QdqtGayvUtxStt42KQwnxR7xwf9PGo7ww_Pc0\"><\/span><\/span><!--\/CTX!--><\/p>\n<p style=\"text-align: center\"><a href=\"https:\/\/i0.wp.com\/tcgh.de\/wp-content\/uploads\/2023\/06\/20230423_144309-scaled.jpeg?ssl=1\"><img data-recalc-dims=\"1\" loading=\"lazy\" decoding=\"async\" class=\"aligncenter wp-image-2194 size-medium\" src=\"https:\/\/i0.wp.com\/tcgh.de\/wp-content\/uploads\/2023\/06\/20230423_144309.jpeg?resize=225%2C300&#038;ssl=1\" alt=\"\" width=\"225\" height=\"300\" srcset=\"https:\/\/i0.wp.com\/tcgh.de\/wp-content\/uploads\/2023\/06\/20230423_144309-scaled.jpeg?resize=225%2C300&amp;ssl=1 225w, https:\/\/i0.wp.com\/tcgh.de\/wp-content\/uploads\/2023\/06\/20230423_144309-scaled.jpeg?resize=768%2C1024&amp;ssl=1 768w, https:\/\/i0.wp.com\/tcgh.de\/wp-content\/uploads\/2023\/06\/20230423_144309-scaled.jpeg?resize=1152%2C1536&amp;ssl=1 1152w, https:\/\/i0.wp.com\/tcgh.de\/wp-content\/uploads\/2023\/06\/20230423_144309-scaled.jpeg?resize=1536%2C2048&amp;ssl=1 1536w, https:\/\/i0.wp.com\/tcgh.de\/wp-content\/uploads\/2023\/06\/20230423_144309-scaled.jpeg?resize=624%2C832&amp;ssl=1 624w, https:\/\/i0.wp.com\/tcgh.de\/wp-content\/uploads\/2023\/06\/20230423_144309-scaled.jpeg?w=1920&amp;ssl=1 1920w, https:\/\/i0.wp.com\/tcgh.de\/wp-content\/uploads\/2023\/06\/20230423_144309-scaled.jpeg?w=1250&amp;ssl=1 1250w\" sizes=\"auto, (max-width: 225px) 100vw, 225px\" \/><\/a><\/p>\n<p style=\"text-align: center\">Alex<\/p>\n<p style=\"text-align: center\">(mittlere und gro\u00dfe Garde)<\/p>\n<p style=\"text-align: center\"><a href=\"https:\/\/i0.wp.com\/tcgh.de\/wp-content\/uploads\/2023\/08\/Facetune_17-06-2023-20-58-40-scaled.jpeg?ssl=1\"><br \/>\n<img data-recalc-dims=\"1\" loading=\"lazy\" decoding=\"async\" class=\"aligncenter size-medium wp-image-2205\" src=\"https:\/\/i0.wp.com\/tcgh.de\/wp-content\/uploads\/2023\/08\/Facetune_17-06-2023-20-58-40.jpeg?resize=225%2C300&#038;ssl=1\" alt=\"\" width=\"225\" height=\"300\" srcset=\"https:\/\/i0.wp.com\/tcgh.de\/wp-content\/uploads\/2023\/08\/Facetune_17-06-2023-20-58-40-scaled.jpeg?resize=225%2C300&amp;ssl=1 225w, https:\/\/i0.wp.com\/tcgh.de\/wp-content\/uploads\/2023\/08\/Facetune_17-06-2023-20-58-40-scaled.jpeg?resize=768%2C1024&amp;ssl=1 768w, https:\/\/i0.wp.com\/tcgh.de\/wp-content\/uploads\/2023\/08\/Facetune_17-06-2023-20-58-40-scaled.jpeg?resize=1152%2C1536&amp;ssl=1 1152w, https:\/\/i0.wp.com\/tcgh.de\/wp-content\/uploads\/2023\/08\/Facetune_17-06-2023-20-58-40-scaled.jpeg?resize=1536%2C2048&amp;ssl=1 1536w, https:\/\/i0.wp.com\/tcgh.de\/wp-content\/uploads\/2023\/08\/Facetune_17-06-2023-20-58-40-scaled.jpeg?resize=624%2C832&amp;ssl=1 624w, https:\/\/i0.wp.com\/tcgh.de\/wp-content\/uploads\/2023\/08\/Facetune_17-06-2023-20-58-40-scaled.jpeg?w=1920&amp;ssl=1 1920w, https:\/\/i0.wp.com\/tcgh.de\/wp-content\/uploads\/2023\/08\/Facetune_17-06-2023-20-58-40-scaled.jpeg?w=1250&amp;ssl=1 1250w\" sizes=\"auto, (max-width: 225px) 100vw, 225px\" \/><\/a>Celine<\/p>\n<p style=\"text-align: center\">(alle Garden)<\/p>\n<p>&nbsp;<\/p>\n<p>&nbsp;<\/p>\n<p><a href=\"https:\/\/i0.wp.com\/tcgh.de\/wp-content\/uploads\/2024\/11\/CB440D0D-A9DE-4DAF-9774-18B3D92670E3.jpg?ssl=1\"><img data-recalc-dims=\"1\" loading=\"lazy\" decoding=\"async\" class=\"size-medium wp-image-2503 aligncenter\" src=\"https:\/\/i0.wp.com\/tcgh.de\/wp-content\/uploads\/2024\/11\/CB440D0D-A9DE-4DAF-9774-18B3D92670E3.jpg?resize=229%2C300&#038;ssl=1\" alt=\"\" width=\"229\" height=\"300\" srcset=\"https:\/\/i0.wp.com\/tcgh.de\/wp-content\/uploads\/2024\/11\/CB440D0D-A9DE-4DAF-9774-18B3D92670E3.jpg?resize=229%2C300&amp;ssl=1 229w, https:\/\/i0.wp.com\/tcgh.de\/wp-content\/uploads\/2024\/11\/CB440D0D-A9DE-4DAF-9774-18B3D92670E3.jpg?resize=780%2C1024&amp;ssl=1 780w, https:\/\/i0.wp.com\/tcgh.de\/wp-content\/uploads\/2024\/11\/CB440D0D-A9DE-4DAF-9774-18B3D92670E3.jpg?resize=768%2C1008&amp;ssl=1 768w, https:\/\/i0.wp.com\/tcgh.de\/wp-content\/uploads\/2024\/11\/CB440D0D-A9DE-4DAF-9774-18B3D92670E3.jpg?resize=1171%2C1536&amp;ssl=1 1171w, https:\/\/i0.wp.com\/tcgh.de\/wp-content\/uploads\/2024\/11\/CB440D0D-A9DE-4DAF-9774-18B3D92670E3.jpg?resize=624%2C819&amp;ssl=1 624w, https:\/\/i0.wp.com\/tcgh.de\/wp-content\/uploads\/2024\/11\/CB440D0D-A9DE-4DAF-9774-18B3D92670E3.jpg?w=1439&amp;ssl=1 1439w, https:\/\/i0.wp.com\/tcgh.de\/wp-content\/uploads\/2024\/11\/CB440D0D-A9DE-4DAF-9774-18B3D92670E3.jpg?w=1250&amp;ssl=1 1250w\" sizes=\"auto, (max-width: 229px) 100vw, 229px\" \/><\/a><\/p>\n<p style=\"text-align: center\">Hannah<\/p>\n<p style=\"text-align: center\">(F\u00fcnkchen)<\/p>\n","protected":false},"excerpt":{"rendered":"<p>Kleine-\/Mittlere-\/Gro\u00dfe-Garde Trainerteam Alexandra Gauf, Celine Mutz, Hannah Br\u00fcnjes Kontakt: Alex (mittlere und gro\u00dfe Garde) Celine (alle Garden) &nbsp; &nbsp; Hannah (F\u00fcnkchen)<\/p>\n","protected":false},"author":1,"featured_media":0,"parent":42,"menu_order":3,"comment_status":"open","ping_status":"open","template":"full-width-no-comment.php","meta":{"footnotes":""},"class_list":["post-137","page","type-page","status-publish","hentry"],"jetpack_shortlink":"https:\/\/wp.me\/P9VWaN-2d","jetpack_sharing_enabled":true,"_links":{"self":[{"href":"https:\/\/tcgh.de\/index.php?rest_route=\/wp\/v2\/pages\/137","targetHints":{"allow":["GET"]}}],"collection":[{"href":"https:\/\/tcgh.de\/index.php?rest_route=\/wp\/v2\/pages"}],"about":[{"href":"https:\/\/tcgh.de\/index.php?rest_route=\/wp\/v2\/types\/page"}],"author":[{"embeddable":true,"href":"https:\/\/tcgh.de\/index.php?rest_route=\/wp\/v2\/users\/1"}],"replies":[{"embeddable":true,"href":"https:\/\/tcgh.de\/index.php?rest_route=%2Fwp%2Fv2%2Fcomments&post=137"}],"version-history":[{"count":21,"href":"https:\/\/tcgh.de\/index.php?rest_route=\/wp\/v2\/pages\/137\/revisions"}],"predecessor-version":[{"id":2504,"href":"https:\/\/tcgh.de\/index.php?rest_route=\/wp\/v2\/pages\/137\/revisions\/2504"}],"up":[{"embeddable":true,"href":"https:\/\/tcgh.de\/index.php?rest_route=\/wp\/v2\/pages\/42"}],"wp:attachment":[{"href":"https:\/\/tcgh.de\/index.php?rest_route=%2Fwp%2Fv2%2Fmedia&parent=137"}],"curies":[{"name":"wp","href":"https:\/\/api.w.org\/{rel}","templated":true}]}}